{"id":3785,"date":"2023-05-17T18:50:49","date_gmt":"2023-05-17T18:50:49","guid":{"rendered":"https:\/\/budzikowswiat.pl\/?page_id=3785"},"modified":"2023-05-17T19:10:30","modified_gmt":"2023-05-17T19:10:30","slug":"gorskie-wedrowki","status":"publish","type":"page","link":"https:\/\/budzikowswiat.pl\/?page_id=3785","title":{"rendered":"G\u00d3RSKIE W\u0118DR\u00d3WKI"},"content":{"rendered":"\n<p class=\"has-text-align-center\">W BUDOWIE<\/p>\n","protected":false},"excerpt":{"rendered":"<p>W BUDOWIE<\/p>\n","protected":false},"author":1,"featured_media":0,"parent":0,"menu_order":0,"comment_status":"closed","ping_status":"closed","template":"","meta":{"ngg_post_thumbnail":0,"footnotes":""},"class_list":["post-3785","page","type-page","status-publish","hentry"],"jetpack_sharing_enabled":true,"_links":{"self":[{"href":"https:\/\/budzikowswiat.pl\/index.php?rest_route=\/wp\/v2\/pages\/3785","targetHints":{"allow":["GET"]}}],"collection":[{"href":"https:\/\/budzikowswiat.pl\/index.php?rest_route=\/wp\/v2\/pages"}],"about":[{"href":"https:\/\/budzikowswiat.pl\/index.php?rest_route=\/wp\/v2\/types\/page"}],"author":[{"embeddable":true,"href":"https:\/\/budzikowswiat.pl\/index.php?rest_route=\/wp\/v2\/users\/1"}],"replies":[{"embeddable":true,"href":"https:\/\/budzikowswiat.pl\/index.php?rest_route=%2Fwp%2Fv2%2Fcomments&post=3785"}],"version-history":[{"count":5,"href":"https:\/\/budzikowswiat.pl\/index.php?rest_route=\/wp\/v2\/pages\/3785\/revisions"}],"predecessor-version":[{"id":3805,"href":"https:\/\/budzikowswiat.pl\/index.php?rest_route=\/wp\/v2\/pages\/3785\/revisions\/3805"}],"wp:attachment":[{"href":"https:\/\/budzikowswiat.pl\/index.php?rest_route=%2Fwp%2Fv2%2Fmedia&parent=3785"}],"curies":[{"name":"wp","href":"https:\/\/api.w.org\/{rel}","templated":true}]}}