{"id":798,"date":"2020-11-13T15:31:06","date_gmt":"2020-11-13T15:31:06","guid":{"rendered":"http:\/\/budzikowswiat.pl\/?page_id=798"},"modified":"2026-04-11T15:08:11","modified_gmt":"2026-04-11T15:08:11","slug":"o-nas","status":"publish","type":"page","link":"https:\/\/budzikowswiat.pl\/?page_id=798","title":{"rendered":"O NAS"},"content":{"rendered":"\n<p class=\"has-text-align-justify\">Cze\u015b\u0107, jestem mam\u0105 dwunastoletniej Amelki oraz dziewi\u0119cioletniej Zosi. Od 2021 w szeregach Oddzia\u0142u PTTK &#8222;Meblarz&#8221; w Swarz\u0119dzu. Nasz\u0105 specjalno\u015bci\u0105 s\u0105 odznaki krajoznawcze i kolekcjonerskie. \u0141\u0105cznie jeste\u015bmy w posiadaniu 47 odznak kwalifikowanych, kt\u00f3re zdobywamy regularnie od 2016 roku. Lubimy wsp\u00f3lne mikrowyprawy po Wielkopolsce.  Dziel\u0119 si\u0119 z Wami tutaj naszymi r\u00f3\u017cnymi formami wycieczek regionalnych. Od 2016 do 2020 roku posiadamy status &#8222;Turystycznej Rodzinki PTTK&#8221;.<\/p>\n\n\n\n<p>Krajoznawstwo to dla mnie co\u015b wi\u0119cej ni\u017c hobby. Od <strong>04.2025<\/strong> roku mam zaszczyt nale\u017ce\u0107 do kadry PTTK jako <strong>Instruktor Krajoznawstwa Regionu<\/strong>. Posiadanie legitymacji o numerze 2521\/R\/25 to dla mnie zobowi\u0105zanie do dbania o najwy\u017cszy poziom przekazywanej wiedzy i dzielenia si\u0119 pasj\u0105 do naszych lokalnych historii.<\/p>\n\n\n\n<p>Rozgo\u015b\u0107cie si\u0119 wygodnie.<\/p>\n\n\n\n<p>Kamila Budzi\u0144ska<\/p>\n\n\n\n<p>e-mail: budzikowswiat@gmail.com<\/p>\n\n\n\n<h3 class=\"wp-block-heading has-text-align-center\"><strong>Nasze Odznaki Krajoznawcze<\/strong><\/h3>\n\n\n\n<figure class=\"wp-block-table is-style-stripes\"><table class=\"has-fixed-layout\"><thead><tr><th class=\"has-text-align-left\" data-align=\"left\">Kamila<\/th><th class=\"has-text-align-left\" data-align=\"left\">Stopie\u0144<\/th><th class=\"has-text-align-left\" data-align=\"left\">Rok<\/th><\/tr><\/thead><tbody><tr><td class=\"has-text-align-left\" data-align=\"left\">Regionalna Odznaka Krajoznawcza <\/td><td class=\"has-text-align-left\" data-align=\"left\">Br\u0105zowa\/<strong>Srebrna<\/strong><\/td><td class=\"has-text-align-left\" data-align=\"left\">2020\/2021<\/td><\/tr><tr><td class=\"has-text-align-left\" data-align=\"left\">Odznaka Odkrywc\u00f3w Tajemnic<\/td><td class=\"has-text-align-left\" data-align=\"left\">Br\u0105zowa\/Srebrna\/<strong>Z\u0142ota<\/strong><\/td><td class=\"has-text-align-left\" data-align=\"left\">2020\/2021\/2022<\/td><\/tr><tr><td class=\"has-text-align-left\" data-align=\"left\">Turysta Przyrodnik<\/td><td class=\"has-text-align-left\" data-align=\"left\">Popularna\/Ma\u0142a Br\u0105zowa\/Ma\u0142a srebrna<\/td><td class=\"has-text-align-left\" data-align=\"left\">2021\/2021\/2023<\/td><\/tr><tr><td class=\"has-text-align-left\" data-align=\"left\">Przyjaciel Wielkopolski<\/td><td class=\"has-text-align-left\" data-align=\"left\">Br\u0105zowa\/Srebrna<\/td><td class=\"has-text-align-left\" data-align=\"left\">2021\/2023<\/td><\/tr><tr><td class=\"has-text-align-left\" data-align=\"left\">G\u00f3rska Odznaka Turystyczna<\/td><td class=\"has-text-align-left\" data-align=\"left\">Popularna\/Ma\u0142a Br\u0105zowa<\/td><td class=\"has-text-align-left\" data-align=\"left\">2021\/2023<\/td><\/tr><tr><td class=\"has-text-align-left\" data-align=\"left\">Odznaka Odkrywcy Zdobywcy<\/td><td class=\"has-text-align-left\" data-align=\"left\">Popularna\/Ma\u0142a Br\u0105zowa<\/td><td class=\"has-text-align-left\" data-align=\"left\">2020\/2023<\/td><\/tr><tr><td class=\"has-text-align-left\" data-align=\"left\">70-lecie PTTK<\/td><td class=\"has-text-align-left\" data-align=\"left\"><strong>zdobyta<\/strong><\/td><td class=\"has-text-align-left\" data-align=\"left\">2021<\/td><\/tr><tr><td class=\"has-text-align-left\" data-align=\"left\">Odznaka Turystyki Pieszej<\/td><td class=\"has-text-align-left\" data-align=\"left\">Popularna\/Ma\u0142a Br\u0105zowa<\/td><td class=\"has-text-align-left\" data-align=\"left\">2021\/2023<\/td><\/tr><tr><td class=\"has-text-align-left\" data-align=\"left\">Szlakami Powstania Wielkopolskiego<\/td><td class=\"has-text-align-left\" data-align=\"left\">Popularna<\/td><td class=\"has-text-align-left\" data-align=\"left\">2022<\/td><\/tr><tr><td class=\"has-text-align-left\" data-align=\"left\">Odznaka Imprez na Orientacje OInO <\/td><td class=\"has-text-align-left\" data-align=\"left\">Popularna<\/td><td class=\"has-text-align-left\" data-align=\"left\">2023<\/td><\/tr><tr><td class=\"has-text-align-left\" data-align=\"left\"><\/td><td class=\"has-text-align-left\" data-align=\"left\"><\/td><td class=\"has-text-align-left\" data-align=\"left\"><\/td><\/tr><\/tbody><\/table><\/figure>\n\n\n\n<figure class=\"wp-block-table is-style-stripes\"><table class=\"has-fixed-layout\"><thead><tr><th class=\"has-text-align-left\" data-align=\"left\">Ami<\/th><th class=\"has-text-align-left\" data-align=\"left\">Stopie\u0144<\/th><th class=\"has-text-align-left\" data-align=\"left\">Rok<\/th><\/tr><\/thead><tbody><tr><td class=\"has-text-align-left\" data-align=\"left\">Dzieci\u0119ca Odznaka Turystyczna<\/td><td class=\"has-text-align-left\" data-align=\"left\"><strong>zdobyta<\/strong><\/td><td class=\"has-text-align-left\" data-align=\"left\">2016<\/td><\/tr><tr><td class=\"has-text-align-left\" data-align=\"left\">Odznaka Turystyczna Disney<\/td><td class=\"has-text-align-left\" data-align=\"left\">Miki\/<strong>Donald<\/strong><\/td><td class=\"has-text-align-left\" data-align=\"left\">2017\/2019<\/td><\/tr><tr><td class=\"has-text-align-left\" data-align=\"left\">Siedmiomilowe Buty<\/td><td class=\"has-text-align-left\" data-align=\"left\">Srebne\/<strong>Z\u0142ote<\/strong><\/td><td class=\"has-text-align-left\" data-align=\"left\">2016\/2020<\/td><\/tr><tr><td class=\"has-text-align-left\" data-align=\"left\">Tropiciel Przyrody<\/td><td class=\"has-text-align-left\" data-align=\"left\">Br\u0105z\/Srebro\/<strong>Z\u0142ota<\/strong><\/td><td class=\"has-text-align-left\" data-align=\"left\">2019\/2020\/2023<\/td><\/tr><tr><td class=\"has-text-align-left\" data-align=\"left\">Turysta Przyrodnik<\/td><td class=\"has-text-align-left\" data-align=\"left\">Popularna\/Ma\u0142a Br\u0105zowa\/Ma\u0142a Srebrna<\/td><td class=\"has-text-align-left\" data-align=\"left\">2020\/2021\/2023<\/td><\/tr><tr><td class=\"has-text-align-left\" data-align=\"left\">Przyjaciela \u015arodowiska Naturalnego<\/td><td class=\"has-text-align-left\" data-align=\"left\">Popularna\/Ma\u0142a Br\u0105zowa<\/td><td class=\"has-text-align-left\" data-align=\"left\">2020\/2022<\/td><\/tr><tr><td class=\"has-text-align-left\" data-align=\"left\">70-lecie PTTK<\/td><td class=\"has-text-align-left\" data-align=\"left\"><strong>zdobyta<\/strong><\/td><td class=\"has-text-align-left\" data-align=\"left\">2021<\/td><\/tr><tr><td class=\"has-text-align-left\" data-align=\"left\">M\u0142odzie\u017cowa Odznaka Krajoznawcza<\/td><td class=\"has-text-align-left\" data-align=\"left\"><strong>zdobyta<\/strong><\/td><td class=\"has-text-align-left\" data-align=\"left\">2021<\/td><\/tr><tr><td class=\"has-text-align-left\" data-align=\"left\">Odznaka Odkrywc\u00f3w Tajemnic<\/td><td class=\"has-text-align-left\" data-align=\"left\">Br\u0105zowa <\/td><td class=\"has-text-align-left\" data-align=\"left\">2021<\/td><\/tr><tr><td class=\"has-text-align-left\" data-align=\"left\">G\u00f3rska Odznaka Turystyczna<\/td><td class=\"has-text-align-left\" data-align=\"left\">Popularna<\/td><td class=\"has-text-align-left\" data-align=\"left\">2021<\/td><\/tr><tr><td class=\"has-text-align-left\" data-align=\"left\">Szlak Bajkowy w \u0141odzi<\/td><td class=\"has-text-align-left\" data-align=\"left\"><strong>zdobyta<\/strong><\/td><td class=\"has-text-align-left\" data-align=\"left\">2020<\/td><\/tr><tr><td class=\"has-text-align-left\" data-align=\"left\"><br><br><\/td><td class=\"has-text-align-left\" data-align=\"left\"><\/td><td class=\"has-text-align-left\" data-align=\"left\"><\/td><\/tr><tr><td class=\"has-text-align-left\" data-align=\"left\"><\/td><td class=\"has-text-align-left\" data-align=\"left\"><\/td><td class=\"has-text-align-left\" data-align=\"left\"><\/td><\/tr><\/tbody><\/table><\/figure>\n\n\n\n<figure class=\"wp-block-table is-style-stripes\"><table class=\"has-fixed-layout\"><thead><tr><th class=\"has-text-align-left\" data-align=\"left\">Zo\u015b<\/th><th class=\"has-text-align-left\" data-align=\"left\">Stopie\u0144<\/th><th class=\"has-text-align-left\" data-align=\"left\">Rok<\/th><\/tr><\/thead><tbody><tr><td class=\"has-text-align-left\" data-align=\"left\">Dzieci\u0119ca Odznaka Turystyczna<\/td><td class=\"has-text-align-left\" data-align=\"left\"><strong>zdobyta<\/strong><\/td><td class=\"has-text-align-left\" data-align=\"left\">2016<\/td><\/tr><tr><td class=\"has-text-align-left\" data-align=\"left\">Odznaka Turystyczna Disney<\/td><td class=\"has-text-align-left\" data-align=\"left\">Miki\/<strong>Donald<\/strong><\/td><td class=\"has-text-align-left\" data-align=\"left\">2017\/2019<\/td><\/tr><tr><td class=\"has-text-align-left\" data-align=\"left\">Siedmiomilowe Buty<\/td><td class=\"has-text-align-left\" data-align=\"left\">Srebrne\/<strong>Z\u0142ote<\/strong><\/td><td class=\"has-text-align-left\" data-align=\"left\">2016\/2020<\/td><\/tr><tr><td class=\"has-text-align-left\" data-align=\"left\">Tropiciel Przyrody<\/td><td class=\"has-text-align-left\" data-align=\"left\">Br\u0105z\/Srebro<\/td><td class=\"has-text-align-left\" data-align=\"left\">2020\/2021<\/td><\/tr><tr><td class=\"has-text-align-left\" data-align=\"left\">Turysta Przyrodnik<\/td><td class=\"has-text-align-left\" data-align=\"left\">Popularna<\/td><td class=\"has-text-align-left\" data-align=\"left\">2023<\/td><\/tr><tr><td class=\"has-text-align-left\" data-align=\"left\">Przyjaciela \u015arodowiska Naturalnego <\/td><td class=\"has-text-align-left\" data-align=\"left\">brak\/wiek<\/td><td class=\"has-text-align-left\" data-align=\"left\"><\/td><\/tr><tr><td class=\"has-text-align-left\" data-align=\"left\">70-lecie PTTK<\/td><td class=\"has-text-align-left\" data-align=\"left\"><strong>zdobyta<\/strong><\/td><td class=\"has-text-align-left\" data-align=\"left\">2021<\/td><\/tr><tr><td class=\"has-text-align-left\" data-align=\"left\">M\u0142odzie\u017cowa Odznaka Krajoznawcza<\/td><td class=\"has-text-align-left\" data-align=\"left\">brak\/wiek<\/td><td class=\"has-text-align-left\" data-align=\"left\"><\/td><\/tr><tr><td class=\"has-text-align-left\" data-align=\"left\">Odznaka Odkrywc\u00f3w Tajemnic<\/td><td class=\"has-text-align-left\" data-align=\"left\">Br\u0105zowa<\/td><td class=\"has-text-align-left\" data-align=\"left\">2021<\/td><\/tr><tr><td class=\"has-text-align-left\" data-align=\"left\">G\u00f3rska Odznaka Turystyczna<\/td><td class=\"has-text-align-left\" data-align=\"left\">brak\/wiek<\/td><td class=\"has-text-align-left\" data-align=\"left\"><\/td><\/tr><tr><td class=\"has-text-align-left\" data-align=\"left\">G\u00f3rska Odznaka Turystyczna &#8222;W g\u00f3ry&#8221;<\/td><td class=\"has-text-align-left\" data-align=\"left\">Br\u0105zowa<\/td><td class=\"has-text-align-left\" data-align=\"left\">2021<\/td><\/tr><tr><td class=\"has-text-align-left\" data-align=\"left\">Szlak Bajkowy w \u0141odzi<\/td><td class=\"has-text-align-left\" data-align=\"left\"><strong>zdobyta<\/strong><\/td><td class=\"has-text-align-left\" data-align=\"left\">2020<\/td><\/tr><tr><td class=\"has-text-align-left\" data-align=\"left\"><\/td><td class=\"has-text-align-left\" data-align=\"left\"><\/td><td class=\"has-text-align-left\" data-align=\"left\"><\/td><\/tr><tr><td class=\"has-text-align-left\" data-align=\"left\"><\/td><td class=\"has-text-align-left\" data-align=\"left\"><\/td><td class=\"has-text-align-left\" data-align=\"left\"><\/td><\/tr><\/tbody><\/table><\/figure>\n\n\n\n<hr class=\"wp-block-separator has-alpha-channel-opacity\"\/>\n\n\n\n<h3 class=\"wp-block-heading has-text-align-center\">PUBLIKACJE<\/h3>\n\n\n\n<ol class=\"wp-block-list\">\n<li>&#8222;Kierunek krajobraz Lednicki Park Krajobrazowy&#8221; Pozna\u0144 2022; Wydawca: Zesp\u00f3\u0142 Park\u00f3w Krajobrazowych Wojew\u00f3dztwa Wielkopolskiego, rozdz. &#8222;Dla lubi\u0105cych wyzwania&#8221; str. 19-21;<\/li>\n\n\n\n<li>&#8222;Kierunek krajobraz Nadwarcia\u0144ski Park Krajobrazowy&#8221; Pozna\u0144 2022; Wydawca: Zesp\u00f3\u0142 Park\u00f3w Krajobrazowych Wojew\u00f3dztwa Wielkopolskiego, rozdz. &#8222;Dla lubi\u0105cych wyzwania&#8221; str. 25-26;<\/li>\n\n\n\n<li>&#8222;Kierunek krajobraz Park Krajobrazowy Puszcza Zielonka&#8221; Pozna\u0144 2022; Wydawca: Zesp\u00f3\u0142 Park\u00f3w Krajobrazowych Wojew\u00f3dztwa Wielkopolskiego, rozdz. &#8222;Dla lubi\u0105cych wyzwania&#8221; str. 22-23;<\/li>\n\n\n\n<li>&#8222;Kierunek krajobraz \u017berkowsko-Czeszewski Park Krajobrazowy&#8221; Pozna\u0144 2022; Wydawca: Zesp\u00f3\u0142 Park\u00f3w Krajobrazowych Wojew\u00f3dztwa Wielkopolskiego, rozdz. &#8222;Dla lubi\u0105cych wyzwania&#8221; str. 24-25;<\/li>\n\n\n\n<li>&#8222;Kierunek krajobraz Park Krajobrazowy im. gen. Dezyderego Ch\u0142apowskiego&#8221; Pozna\u0144 2022; Wydawca: Zesp\u00f3\u0142 Park\u00f3w Krajobrazowych Wojew\u00f3dztwa Wielkopolskiego, rozdz. &#8222;Dla lubi\u0105cych wyzwania&#8221; str. 21-22;<\/li>\n<\/ol>\n","protected":false},"excerpt":{"rendered":"<p>Cze\u015b\u0107, jestem mam\u0105 dwunastoletniej Amelki oraz dziewi\u0119cioletniej Zosi. Od 2021 w szeregach Oddzia\u0142u PTTK &#8222;Meblarz&#8221; w Swarz\u0119dzu. Nasz\u0105 specjalno\u015bci\u0105 s\u0105 odznaki krajoznawcze i kolekcjonerskie. \u0141\u0105cznie jeste\u015bmy w posiadaniu 47 odznak kwalifikowanych, kt\u00f3re zdobywamy regularnie od 2016 roku. Lubimy wsp\u00f3lne mikrowyprawy po Wielkopolsce. Dziel\u0119 si\u0119 z Wami tutaj naszymi r\u00f3\u017cnymi formami wycieczek regionalnych. Od 2016 do&#8230; <\/p>\n<div class=\"link-more\"><a href=\"https:\/\/budzikowswiat.pl\/?page_id=798\">Read More<\/a><\/div>\n","protected":false},"author":1,"featured_media":673,"parent":0,"menu_order":0,"comment_status":"closed","ping_status":"closed","template":"","meta":{"ngg_post_thumbnail":0,"footnotes":""},"class_list":["post-798","page","type-page","status-publish","has-post-thumbnail","hentry"],"jetpack_sharing_enabled":true,"_links":{"self":[{"href":"https:\/\/budzikowswiat.pl\/index.php?rest_route=\/wp\/v2\/pages\/798","targetHints":{"allow":["GET"]}}],"collection":[{"href":"https:\/\/budzikowswiat.pl\/index.php?rest_route=\/wp\/v2\/pages"}],"about":[{"href":"https:\/\/budzikowswiat.pl\/index.php?rest_route=\/wp\/v2\/types\/page"}],"author":[{"embeddable":true,"href":"https:\/\/budzikowswiat.pl\/index.php?rest_route=\/wp\/v2\/users\/1"}],"replies":[{"embeddable":true,"href":"https:\/\/budzikowswiat.pl\/index.php?rest_route=%2Fwp%2Fv2%2Fcomments&post=798"}],"version-history":[{"count":55,"href":"https:\/\/budzikowswiat.pl\/index.php?rest_route=\/wp\/v2\/pages\/798\/revisions"}],"predecessor-version":[{"id":4574,"href":"https:\/\/budzikowswiat.pl\/index.php?rest_route=\/wp\/v2\/pages\/798\/revisions\/4574"}],"wp:featuredmedia":[{"embeddable":true,"href":"https:\/\/budzikowswiat.pl\/index.php?rest_route=\/wp\/v2\/media\/673"}],"wp:attachment":[{"href":"https:\/\/budzikowswiat.pl\/index.php?rest_route=%2Fwp%2Fv2%2Fmedia&parent=798"}],"curies":[{"name":"wp","href":"https:\/\/api.w.org\/{rel}","templated":true}]}}